{"id":5651,"date":"2020-05-28T11:39:27","date_gmt":"2020-05-28T15:39:27","guid":{"rendered":"http:\/\/belairhoteltremblant.com\/informations-covid-19\/"},"modified":"2020-05-28T11:55:49","modified_gmt":"2020-05-28T15:55:49","slug":"informations-covid-19","status":"publish","type":"page","link":"https:\/\/belairhoteltremblant.com\/fr\/informations-covid-19\/","title":{"rendered":"INFORMATIONS COVID-19"},"content":{"rendered":"<p>[vc_row full_width=\u00a0\u00bbstretch_row_content\u00a0\u00bb kswr_row_top_decor_enabled=\u00a0\u00bbfalse\u00a0\u00bb kswr_row_bottom_decor_enabled=\u00a0\u00bbfalse\u00a0\u00bb][vc_column width=\u00a0\u00bb1\/6&Prime;][\/vc_column][vc_column width=\u00a0\u00bb2\/3&Prime;]<div id=\"ultimate-heading-664369f57eb2c21ee\" class=\"uvc-heading ult-adjust-bottom-margin ultimate-heading-664369f57eb2c21ee uvc-521 \" data-hspacer=\"no_spacer\"  data-halign=\"center\" style=\"text-align:center\"><div class=\"uvc-heading-spacer no_spacer\" style=\"top\"><\/div><div class=\"uvc-main-heading ult-responsive\"  data-ultimate-target='.uvc-heading.ultimate-heading-664369f57eb2c21ee p'  data-responsive-json-new='{\"font-size\":\"desktop:20px;\",\"line-height\":\"\"}' ><p style=\"font-family:&#039;Montserrat&#039;;font-weight:normal;color:#2d2d2d;margin-bottom:25px;\">Nous sommes heureux de vous informer que nous ouvrons nos portes le 1er Juin, 2020.<\/p><\/div><div class=\"uvc-sub-heading ult-responsive\"  data-ultimate-target='.uvc-heading.ultimate-heading-664369f57eb2c21ee .uvc-sub-heading '  data-responsive-json-new='{\"font-size\":\"desktop:14px;\",\"line-height\":\"\"}'  style=\"font-family:&#039;Montserrat&#039;;font-weight:normal;color:#2d2d2d;\"><strong>NOS INVIT\u00c9S SONT NOTRE PRIORIT\u00c9<\/strong><\/p>\n<p>Nous voulons vous assurer que le resort Bel Air mettra en place des proc\u00e9dures suppl\u00e9mentaires pour assurer la sant\u00e9 et s\u00e9curit\u00e9 de nos clients et de notre \u00e9quipe. Certains services et activit\u00e9s seront temporairement indisponible.<\/div><\/div><div id=\"ultimate-heading-675169f57eb2c2279\" class=\"uvc-heading ult-adjust-bottom-margin ultimate-heading-675169f57eb2c2279 uvc-1764 \" data-hspacer=\"no_spacer\"  data-halign=\"center\" style=\"text-align:center\"><div class=\"uvc-heading-spacer no_spacer\" style=\"top\"><\/div><div class=\"uvc-sub-heading ult-responsive\"  data-ultimate-target='.uvc-heading.ultimate-heading-675169f57eb2c2279 .uvc-sub-heading '  data-responsive-json-new='{\"font-size\":\"desktop:14px;\",\"line-height\":\"\"}'  style=\"font-family:&#039;Montserrat&#039;;font-weight:normal;color:#2d2d2d;margin-bottom:100px;\"><\/p>\n<p style=\"text-align: center;\"><strong>Bel Air Tremblant Resort &amp; Residences est l\u00e0 pour vous accueillir \u00e0 partir du 1er juin.<\/strong><\/p>\n<p style=\"text-align: left;\">Nous mettons en oeuvre les actions list\u00e9es ci-dessous afin de vous assurer un s\u00e9jour en minimisant tous les risques.<\/p>\n<ul>\n<li style=\"text-align: left;\">Vous faites votre propre check in sans rencontrer personne.<\/li>\n<li style=\"text-align: left;\">Les unit\u00e9s sont nettoy\u00e9es avec des produits anti-viraux et antibact\u00e9riens et d\u00e9sinfect\u00e9es \u00e0 l&rsquo;aide de lumi\u00e8res UV.<\/li>\n<li style=\"text-align: left;\">Nos \u00e9quipes de m\u00e9nages utilisent des masques et des gants pour nettoyer les unit\u00e9s.<\/li>\n<li style=\"text-align: left;\">Des filtres HEPA sont install\u00e9s dans le syst\u00e8me de ventilation des unit\u00e9s afin d&rsquo;\u00e9liminer un maximum de particules en suspension dans l&rsquo;air.<\/li>\n<li style=\"text-align: left;\">Les unit\u00e9s sont laiss\u00e9es vacantes 24 heures avant votre arriv\u00e9e.<\/li>\n<li style=\"text-align: left;\">Pour votre s\u00e9curit\u00e9 et celles des employ\u00e9s, l&rsquo;acc\u00e8s au Club House, la piscine, le spa et le bistro sont interdits pour le moment.<\/li>\n<\/ul>\n<p><\/div><\/div>[\/vc_column][vc_column width=\u00a0\u00bb1\/6&Prime;][\/vc_column][\/vc_row]<\/p>\n","protected":false},"excerpt":{"rendered":"<p>[vc_row full_width=\u00a0\u00bbstretch_row_content\u00a0\u00bb kswr_row_top_decor_enabled=\u00a0\u00bbfalse\u00a0\u00bb kswr_row_bottom_decor_enabled=\u00a0\u00bbfalse\u00a0\u00bb][vc_column width=\u00a0\u00bb1\/6&Prime;][\/vc_column][vc_column width=\u00a0\u00bb2\/3&Prime;][\/vc_column][vc_column width=\u00a0\u00bb1\/6&Prime;][\/vc_column][\/vc_row]<\/p>\n","protected":false},"author":2,"featured_media":0,"parent":0,"menu_order":0,"comment_status":"closed","ping_status":"closed","template":"","meta":[],"yoast_head":"<!-- This site is optimized with the Yoast SEO Premium plugin v18.4 (Yoast SEO v20.6) - https:\/\/yoast.com\/wordpress\/plugins\/seo\/ -->\n<title>INFORMATIONS COVID-19 - Bel Air Hotel Tremblant<\/title>\n<meta name=\"robots\" content=\"index, follow, max-snippet:-1, max-image-preview:large, max-video-preview:-1\" \/>\n<link rel=\"canonical\" href=\"https:\/\/belairhoteltremblant.com\/fr\/informations-covid-19\/\" \/>\n<meta property=\"og:locale\" content=\"fr_FR\" \/>\n<meta property=\"og:type\" content=\"article\" \/>\n<meta property=\"og:title\" content=\"INFORMATIONS COVID-19\" \/>\n<meta property=\"og:description\" content=\"[vc_row full_width=\u00a0\u00bbstretch_row_content\u00a0\u00bb kswr_row_top_decor_enabled=\u00a0\u00bbfalse\u00a0\u00bb kswr_row_bottom_decor_enabled=\u00a0\u00bbfalse\u00a0\u00bb][vc_column width=\u00a0\u00bb1\/6&Prime;][\/vc_column][vc_column width=\u00a0\u00bb2\/3&Prime;][\/vc_column][vc_column width=\u00a0\u00bb1\/6&Prime;][\/vc_column][\/vc_row]\" \/>\n<meta property=\"og:url\" content=\"https:\/\/belairhoteltremblant.com\/fr\/informations-covid-19\/\" \/>\n<meta property=\"og:site_name\" content=\"Bel Air Hotel Tremblant\" \/>\n<meta property=\"article:publisher\" content=\"https:\/\/www.facebook.com\/belairtremblantresort\/\" \/>\n<meta property=\"article:modified_time\" content=\"2020-05-28T15:55:49+00:00\" \/>\n<meta name=\"twitter:card\" content=\"summary_large_image\" \/>\n<meta name=\"twitter:label1\" content=\"Dur\u00e9e de lecture estim\u00e9e\" \/>\n\t<meta name=\"twitter:data1\" content=\"2 minutes\" \/>\n<script type=\"application\/ld+json\" class=\"yoast-schema-graph\">{\"@context\":\"https:\/\/schema.org\",\"@graph\":[{\"@type\":\"WebPage\",\"@id\":\"https:\/\/belairhoteltremblant.com\/fr\/informations-covid-19\/\",\"url\":\"https:\/\/belairhoteltremblant.com\/fr\/informations-covid-19\/\",\"name\":\"INFORMATIONS COVID-19 - Bel Air Hotel Tremblant\",\"isPartOf\":{\"@id\":\"https:\/\/belairhoteltremblant.com\/#website\"},\"datePublished\":\"2020-05-28T15:39:27+00:00\",\"dateModified\":\"2020-05-28T15:55:49+00:00\",\"breadcrumb\":{\"@id\":\"https:\/\/belairhoteltremblant.com\/fr\/informations-covid-19\/#breadcrumb\"},\"inLanguage\":\"fr-FR\",\"potentialAction\":[{\"@type\":\"ReadAction\",\"target\":[\"https:\/\/belairhoteltremblant.com\/fr\/informations-covid-19\/\"]}]},{\"@type\":\"BreadcrumbList\",\"@id\":\"https:\/\/belairhoteltremblant.com\/fr\/informations-covid-19\/#breadcrumb\",\"itemListElement\":[{\"@type\":\"ListItem\",\"position\":1,\"name\":\"Home\",\"item\":\"https:\/\/belairhoteltremblant.com\/fr\/\"},{\"@type\":\"ListItem\",\"position\":2,\"name\":\"INFORMATIONS COVID-19\"}]},{\"@type\":\"WebSite\",\"@id\":\"https:\/\/belairhoteltremblant.com\/#website\",\"url\":\"https:\/\/belairhoteltremblant.com\/\",\"name\":\"Bel Air Hotel Tremblant\",\"description\":\"\",\"publisher\":{\"@id\":\"https:\/\/belairhoteltremblant.com\/#organization\"},\"potentialAction\":[{\"@type\":\"SearchAction\",\"target\":{\"@type\":\"EntryPoint\",\"urlTemplate\":\"https:\/\/belairhoteltremblant.com\/?s={search_term_string}\"},\"query-input\":\"required name=search_term_string\"}],\"inLanguage\":\"fr-FR\"},{\"@type\":\"Organization\",\"@id\":\"https:\/\/belairhoteltremblant.com\/#organization\",\"name\":\"Bel Air hotel Tremblant\",\"url\":\"https:\/\/belairhoteltremblant.com\/\",\"logo\":{\"@type\":\"ImageObject\",\"inLanguage\":\"fr-FR\",\"@id\":\"https:\/\/belairhoteltremblant.com\/#\/schema\/logo\/image\/\",\"url\":\"http:\/\/belairhoteltremblant.com\/wp-content\/uploads\/2020\/11\/Bel_air_hotel_trembant_bl_400.png\",\"contentUrl\":\"http:\/\/belairhoteltremblant.com\/wp-content\/uploads\/2020\/11\/Bel_air_hotel_trembant_bl_400.png\",\"width\":400,\"height\":74,\"caption\":\"Bel Air hotel Tremblant\"},\"image\":{\"@id\":\"https:\/\/belairhoteltremblant.com\/#\/schema\/logo\/image\/\"},\"sameAs\":[\"https:\/\/www.facebook.com\/belairtremblantresort\/\",\"https:\/\/www.instagram.com\/belairtremblant\/\",\"https:\/\/www.linkedin.com\/company\/bel-air-resort-residences\/\"]}]}<\/script>\n<!-- \/ Yoast SEO Premium plugin. -->","yoast_head_json":{"title":"INFORMATIONS COVID-19 - Bel Air Hotel Tremblant","robots":{"index":"index","follow":"follow","max-snippet":"max-snippet:-1","max-image-preview":"max-image-preview:large","max-video-preview":"max-video-preview:-1"},"canonical":"https:\/\/belairhoteltremblant.com\/fr\/informations-covid-19\/","og_locale":"fr_FR","og_type":"article","og_title":"INFORMATIONS COVID-19","og_description":"[vc_row full_width=\u00a0\u00bbstretch_row_content\u00a0\u00bb kswr_row_top_decor_enabled=\u00a0\u00bbfalse\u00a0\u00bb kswr_row_bottom_decor_enabled=\u00a0\u00bbfalse\u00a0\u00bb][vc_column width=\u00a0\u00bb1\/6&Prime;][\/vc_column][vc_column width=\u00a0\u00bb2\/3&Prime;][\/vc_column][vc_column width=\u00a0\u00bb1\/6&Prime;][\/vc_column][\/vc_row]","og_url":"https:\/\/belairhoteltremblant.com\/fr\/informations-covid-19\/","og_site_name":"Bel Air Hotel Tremblant","article_publisher":"https:\/\/www.facebook.com\/belairtremblantresort\/","article_modified_time":"2020-05-28T15:55:49+00:00","twitter_card":"summary_large_image","twitter_misc":{"Dur\u00e9e de lecture estim\u00e9e":"2 minutes"},"schema":{"@context":"https:\/\/schema.org","@graph":[{"@type":"WebPage","@id":"https:\/\/belairhoteltremblant.com\/fr\/informations-covid-19\/","url":"https:\/\/belairhoteltremblant.com\/fr\/informations-covid-19\/","name":"INFORMATIONS COVID-19 - Bel Air Hotel Tremblant","isPartOf":{"@id":"https:\/\/belairhoteltremblant.com\/#website"},"datePublished":"2020-05-28T15:39:27+00:00","dateModified":"2020-05-28T15:55:49+00:00","breadcrumb":{"@id":"https:\/\/belairhoteltremblant.com\/fr\/informations-covid-19\/#breadcrumb"},"inLanguage":"fr-FR","potentialAction":[{"@type":"ReadAction","target":["https:\/\/belairhoteltremblant.com\/fr\/informations-covid-19\/"]}]},{"@type":"BreadcrumbList","@id":"https:\/\/belairhoteltremblant.com\/fr\/informations-covid-19\/#breadcrumb","itemListElement":[{"@type":"ListItem","position":1,"name":"Home","item":"https:\/\/belairhoteltremblant.com\/fr\/"},{"@type":"ListItem","position":2,"name":"INFORMATIONS COVID-19"}]},{"@type":"WebSite","@id":"https:\/\/belairhoteltremblant.com\/#website","url":"https:\/\/belairhoteltremblant.com\/","name":"Bel Air Hotel Tremblant","description":"","publisher":{"@id":"https:\/\/belairhoteltremblant.com\/#organization"},"potentialAction":[{"@type":"SearchAction","target":{"@type":"EntryPoint","urlTemplate":"https:\/\/belairhoteltremblant.com\/?s={search_term_string}"},"query-input":"required name=search_term_string"}],"inLanguage":"fr-FR"},{"@type":"Organization","@id":"https:\/\/belairhoteltremblant.com\/#organization","name":"Bel Air hotel Tremblant","url":"https:\/\/belairhoteltremblant.com\/","logo":{"@type":"ImageObject","inLanguage":"fr-FR","@id":"https:\/\/belairhoteltremblant.com\/#\/schema\/logo\/image\/","url":"http:\/\/belairhoteltremblant.com\/wp-content\/uploads\/2020\/11\/Bel_air_hotel_trembant_bl_400.png","contentUrl":"http:\/\/belairhoteltremblant.com\/wp-content\/uploads\/2020\/11\/Bel_air_hotel_trembant_bl_400.png","width":400,"height":74,"caption":"Bel Air hotel Tremblant"},"image":{"@id":"https:\/\/belairhoteltremblant.com\/#\/schema\/logo\/image\/"},"sameAs":["https:\/\/www.facebook.com\/belairtremblantresort\/","https:\/\/www.instagram.com\/belairtremblant\/","https:\/\/www.linkedin.com\/company\/bel-air-resort-residences\/"]}]}},"_links":{"self":[{"href":"https:\/\/belairhoteltremblant.com\/fr\/wp-json\/wp\/v2\/pages\/5651"}],"collection":[{"href":"https:\/\/belairhoteltremblant.com\/fr\/wp-json\/wp\/v2\/pages"}],"about":[{"href":"https:\/\/belairhoteltremblant.com\/fr\/wp-json\/wp\/v2\/types\/page"}],"author":[{"embeddable":true,"href":"https:\/\/belairhoteltremblant.com\/fr\/wp-json\/wp\/v2\/users\/2"}],"replies":[{"embeddable":true,"href":"https:\/\/belairhoteltremblant.com\/fr\/wp-json\/wp\/v2\/comments?post=5651"}],"version-history":[{"count":1,"href":"https:\/\/belairhoteltremblant.com\/fr\/wp-json\/wp\/v2\/pages\/5651\/revisions"}],"predecessor-version":[{"id":5652,"href":"https:\/\/belairhoteltremblant.com\/fr\/wp-json\/wp\/v2\/pages\/5651\/revisions\/5652"}],"wp:attachment":[{"href":"https:\/\/belairhoteltremblant.com\/fr\/wp-json\/wp\/v2\/media?parent=5651"}],"curies":[{"name":"wp","href":"https:\/\/api.w.org\/{rel}","templated":true}]}}